{"id":1648,"date":"2024-10-14T16:16:05","date_gmt":"2024-10-14T16:16:05","guid":{"rendered":"https:\/\/westcafegocek.com\/?page_id=1648"},"modified":"2024-10-14T16:17:07","modified_gmt":"2024-10-14T16:17:07","slug":"branches","status":"publish","type":"page","link":"https:\/\/westcafegocek.com\/tr\/branches\/","title":{"rendered":"BRANCHES"},"content":{"rendered":"<div data-elementor-type=\"wp-page\" data-elementor-id=\"1648\" class=\"elementor elementor-1648\" data-elementor-post-type=\"page\">\n\t\t\t\t\t\t<section class=\"elementor-section elementor-top-section elementor-element elementor-element-0c4049d elementor-section-boxed elementor-section-height-default elementor-section-height-default\" data-id=\"0c4049d\" data-element_type=\"section\" data-e-type=\"section\">\n\t\t\t\t\t\t<div class=\"elementor-container elementor-column-gap-default\">\n\t\t\t\t\t<div class=\"elementor-column elementor-col-50 elementor-top-column elementor-element elementor-element-8b52584\" data-id=\"8b52584\" data-element_type=\"column\" data-e-type=\"column\">\n\t\t\t<div class=\"elementor-widget-wrap elementor-element-populated\">\n\t\t\t\t\t\t<div class=\"elementor-element elementor-element-a635ec7 elementor-widget elementor-widget-heading\" data-id=\"a635ec7\" data-element_type=\"widget\" data-e-type=\"widget\" data-widget_type=\"heading.default\">\n\t\t\t\t<div class=\"elementor-widget-container\">\n\t\t\t\t\t<h4 class=\"elementor-heading-title elementor-size-default\">West Cafe &amp; Bistro G\u00f6cek<\/h4>\t\t\t\t<\/div>\n\t\t\t\t<\/div>\n\t\t\t\t<div class=\"elementor-element elementor-element-be7eaee elementor-widget elementor-widget-text-editor\" data-id=\"be7eaee\" data-element_type=\"widget\" data-e-type=\"widget\" data-widget_type=\"text-editor.default\">\n\t\t\t\t<div class=\"elementor-widget-container\">\n\t\t\t\t\t\t\t\t\t<p><br \/>Adres: G\u00f6cek, \u00c7ar\u015f\u0131 Yolu Cd. No:24\/A, 48303 Fethiye\/Mu\u011fla<br \/>Telefon: 0533 456 27 94<\/p>\t\t\t\t\t\t\t\t<\/div>\n\t\t\t\t<\/div>\n\t\t\t\t<div class=\"elementor-element elementor-element-598f4e3 elementor-widget elementor-widget-heading\" data-id=\"598f4e3\" data-element_type=\"widget\" data-e-type=\"widget\" data-widget_type=\"heading.default\">\n\t\t\t\t<div class=\"elementor-widget-container\">\n\t\t\t\t\t<h4 class=\"elementor-heading-title elementor-size-default\">West Meze &amp; Bal\u0131k<\/h4>\t\t\t\t<\/div>\n\t\t\t\t<\/div>\n\t\t\t\t<div class=\"elementor-element elementor-element-14a5044 elementor-widget elementor-widget-text-editor\" data-id=\"14a5044\" data-element_type=\"widget\" data-e-type=\"widget\" data-widget_type=\"text-editor.default\">\n\t\t\t\t<div class=\"elementor-widget-container\">\n\t\t\t\t\t\t\t\t\t<p>Adres: G\u00f6cek, \u00c7ar\u015f\u0131 Yolu Cd. No:63\/3, 48310 Fethiye\/Mu\u011fla<br \/>Telefon: 0533 265 18 98<\/p>\t\t\t\t\t\t\t\t<\/div>\n\t\t\t\t<\/div>\n\t\t\t\t\t<\/div>\n\t\t<\/div>\n\t\t\t\t<div class=\"elementor-column elementor-col-50 elementor-top-column elementor-element elementor-element-e3dfbd2\" data-id=\"e3dfbd2\" data-element_type=\"column\" data-e-type=\"column\">\n\t\t\t<div class=\"elementor-widget-wrap elementor-element-populated\">\n\t\t\t\t\t\t<div class=\"elementor-element elementor-element-6f75df7 elementor-widget elementor-widget-heading\" data-id=\"6f75df7\" data-element_type=\"widget\" data-e-type=\"widget\" data-widget_type=\"heading.default\">\n\t\t\t\t<div class=\"elementor-widget-container\">\n\t\t\t\t\t<h4 class=\"elementor-heading-title elementor-size-default\">West Cafe Akyaka<\/h4>\t\t\t\t<\/div>\n\t\t\t\t<\/div>\n\t\t\t\t<div class=\"elementor-element elementor-element-9dfeb44 elementor-widget elementor-widget-text-editor\" data-id=\"9dfeb44\" data-element_type=\"widget\" data-e-type=\"widget\" data-widget_type=\"text-editor.default\">\n\t\t\t\t<div class=\"elementor-widget-container\">\n\t\t\t\t\t\t\t\t\t<p>Cennet Restaurant &#8211; Azmak Ba\u015f\u0131 Akyaka<br \/>Adres: Akyaka, \u0130ni\u015fdibi Cd. No:56, 48650 Ula\/Mu\u011fla<br \/>Telefon: 0530 817 72 48<\/p>\t\t\t\t\t\t\t\t<\/div>\n\t\t\t\t<\/div>\n\t\t\t\t<div class=\"elementor-element elementor-element-f6b0309 elementor-widget elementor-widget-heading\" data-id=\"f6b0309\" data-element_type=\"widget\" data-e-type=\"widget\" data-widget_type=\"heading.default\">\n\t\t\t\t<div class=\"elementor-widget-container\">\n\t\t\t\t\t<h4 class=\"elementor-heading-title elementor-size-default\">West Sushi Bar<\/h4>\t\t\t\t<\/div>\n\t\t\t\t<\/div>\n\t\t\t\t<div class=\"elementor-element elementor-element-395239d elementor-widget elementor-widget-text-editor\" data-id=\"395239d\" data-element_type=\"widget\" data-e-type=\"widget\" data-widget_type=\"text-editor.default\">\n\t\t\t\t<div class=\"elementor-widget-container\">\n\t\t\t\t\t\t\t\t\t<p>Adres: G\u00f6cek, \u00c7ar\u015f\u0131 Yolu Cd. No:31\/B, 48303 Fethiye\/Mu\u011fla<br \/>Telefon: 0533 456 27 94<\/p>\t\t\t\t\t\t\t\t<\/div>\n\t\t\t\t<\/div>\n\t\t\t\t\t<\/div>\n\t\t<\/div>\n\t\t\t\t\t<\/div>\n\t\t<\/section>\n\t\t\t\t<section class=\"elementor-section elementor-top-section elementor-element elementor-element-778c9d5 elementor-section-full_width elementor-section-stretched elementor-section-height-default elementor-section-height-default\" data-id=\"778c9d5\" data-element_type=\"section\" data-e-type=\"section\" data-settings=\"{&quot;stretch_section&quot;:&quot;section-stretched&quot;}\">\n\t\t\t\t\t\t<div class=\"elementor-container elementor-column-gap-default\">\n\t\t\t\t\t<div class=\"elementor-column elementor-col-100 elementor-top-column elementor-element elementor-element-c134bfd\" data-id=\"c134bfd\" data-element_type=\"column\" data-e-type=\"column\">\n\t\t\t<div class=\"elementor-widget-wrap elementor-element-populated\">\n\t\t\t\t\t\t<div class=\"elementor-element elementor-element-1b6cb63 elementor-widget elementor-widget-wpmsl-store-locator\" data-id=\"1b6cb63\" data-element_type=\"widget\" data-e-type=\"widget\" data-widget_type=\"wpmsl-store-locator.default\">\n\t\t\t\t<div class=\"elementor-widget-container\">\n\t\t\t\t\t<div class=\"mapid\"><\/div>\t\t    <div class=\"custom\">\n\t\t    <script>\n\t\t    function wpmsl_update_map(location_postition,search_radius) {\n    if(!location_postition){\n        alert('Please Enter Default Location');\n        return;\n    }\n    location_postition = location_postition.replace('+','');\n    location_postition = location_postition.replace('+','');\n    location_postition = location_postition.replace('+','');\n    jQuery('#search-location').val(location_postition);\n    jQuery('img.load-img').show();\n    jQuery('.col-right.right-sidebar').css('opacity','0.5');\n    var geocoder = new google.maps.Geocoder();\n    var address = location_postition;\n    var latitude = ''; var longitude = '';\n    geocoder.geocode( { 'address': address}, function(results, status) {\n        if (status == google.maps.GeocoderStatus.OK) {\n            latitude = results[0].geometry.location.lat();\n            longitude = results[0].geometry.location.lng();\n            document.getElementById('store_locatore_search_lat').value = latitude;\n            document.getElementById('store_locatore_search_lng').value = longitude;\n            var map_id =document.getElementById('store_locatore_map_id').value;\n            jQuery.ajax({\n                url: wpmsl_ajax_url,\n                data: 'store_locatore_search_input='+location_postition+'&store_locatore_search_lat='+latitude+'&store_locatore_search_lng='+longitude+'&store_locatore_search_radius='+search_radius+'&store_locator_category='+'&map_id='+map_id+ '&action=make_search_request_custom_maps' + '&lat=' + latitude + '&lng=' + longitude,\n                type: 'post',\n                success: function (html) {\n                    jQuery('#store_locatore_search_results').html(html);\n                    if (html.indexOf(\"No Clinics Found\") >= 0) {\n                        jQuery(\".overlay-store\").show();\n                        jQuery(\".load-img\").show();\n                        var default_location = getCookie('default_location');\n                        \/\/wpmsl_update_map(default_location,search_radius);\n                    }\n                    var hh = jQuery( \".store-locator-item-container\" ).detach();\n                    hh.appendTo( \".col-left\" );\n                    hh.appendTo( \".map-listings\" );\n                    jQuery('.store-locator-item-container:nth-child(2)').remove();\n                    jQuery(\".load-img\").css(\"display\", \"none\");\n                    jQuery(\".overlay-store\").css(\"display\", \"none\");\n                    jQuery('.col-right.right-sidebar').css('opacity','1');\n                    \/\/ SET SHOW MORE BUTTON ON LISTING\n                    if(jQuery('.store-locator-item').length < 6)\n                        jQuery('.show-more').hide();\n                    else\n                        jQuery('.show-more').show();\n                    var body_width = jQuery('body').width();\n                },\n                error: function(XMLHttpRequest, textStatus, errorThrown) {\n                    var default_location = getCookie('default_location');\n                    jQuery(\".load-img\").css(\"display\", \"none\");\n                    jQuery(\".overlay-store\").css(\"display\", \"none\");\n                }\n            });\n        }\n    });\n}\n\t\t        var store_locator_map_options  =  {\"enable\":\"1\",\"width\":\"100\",\"widthunit\":\"%\",\"height\":\"700\",\"heightunit\":\"PX\",\"type\":\"Roadmap\",\"unit\":\"Km\",\"direction\":\"gmap\",\"zoomlevel\":\"7\",\"markerzoom\":\"7\",\"fit_screen\":\"1\",\"fill_radius\":\"1\",\"fill_color\":\"#264e26\",\"radius\":\"10,25,50,[100],200,500,\",\"showStoresOnMapMovement\":\"0\",\"streetViewControl\":\"0\",\"getlocation\":\"1\",\"mapTypeControl\":\"1\",\"scroll\":\"0\",\"mappoi\":\"0\",\"default_search\":\"1\",\"map_window_open\":\"0\",\"tag\":\"hide-field\",\"rtl_enabled\":\"1\",\"map_style\":\"1\",\"marker1\":\"https:\\\/\\\/westcafegocek.com\\\/wp-content\\\/plugins\\\/wp-multi-store-locator-pro\\\/assets\\\/img\\\/red.png\",\"marker1_custom\":\"\",\"marker2\":\"https:\\\/\\\/westcafegocek.com\\\/wp-content\\\/uploads\\\/2023\\\/01\\\/cropped-cropped-icon-west.png\",\"marker2_custom\":\"https:\\\/\\\/westcafegocek.com\\\/wp-content\\\/uploads\\\/2023\\\/01\\\/cropped-cropped-icon-west.png\",\"infowindow\":\"{image} {address} {city} {state} {name} {phone} {email} {description}\",\"custom_style\":\"\",\"global\":\"no\"};\n\t\t        var store_locator_grid_options =  {\"enable\":\"1\",\"total_markers\":\"55\",\"listing_position\":\"left\",\"search_window_position\":\"wpml_search_right\",\"global\":\"no\"};\n\t\t        setTimeout(function() {\n\t\t            \n\t\t            var bbb = ' Mugla, Turkey';\n\t\t            var bbb = bbb.replace(\"munsign\", \"\\'\");\n\t\t            \n\t\t            wpmsl_update_map(bbb,'100');\n\t\t             jQuery('#store_locatore_search_input').attr('placeholder');\n\t\t\t\t\t \/\/ jQuery('#store_locatore_search_input').val(bbb);\n\t\t            jQuery('#store_locatore_search_radius option[value=\"100\"]').prop('selected', true);\n\t\t            if (jQuery.fn.niceSelect) {  \n\t\t                jQuery('#store_locatore_search_radius').niceSelect('update'); \n\t\t            }\n\t\t        },1000);\n\t\t    <\/script>\n\t\t    <script type='text\/javascript' src='https:\/\/westcafegocek.com\/wp-content\/plugins\/wp-multi-store-locator-pro\/\/assets\/js\/custom_script.js?rand=837867711'><\/script>\n\t\t    \t\t    <div class=\"row ob_stor-relocator\" id=\"store-locator-id\" style=\"height:700PX;width:100%;\">\n\t\t           \t\t           \t\t<input id=\"store_locatore_map_id\" name=\"store_locatore_map_id\" type=\"hidden\" value=\"1204\">\n\t\t           \t\t<input id=\"store_locatore_direction_Addr\" name=\"store_locatore_direction_Addr\" type=\"hidden\" value=\" Mugla, Turkey\">\n\t\t                <input id=\"store_locatore_search_lat\" name=\"store_locatore_search_lat\" type=\"hidden\" value=\"36.91619429130467\">\n\t\t                <input id=\"store_locatore_search_lng\" name=\"store_locatore_search_lng\" type=\"hidden\" value=\"28.589983006735412\">\n\t\t        \t\t        <div class=\"loader\"><div>\n\t\t            \t\t                \t\t                    \t\t\t<div class=\"col-left leftsidebar slide-left left-skip wpml_search_right\">\n\t\t\t\t<div class=\"map-search-window\">\n\t            \t\t\t    <div class=\"search-options-btn\" style=\"background-color:#000000;\"><a class=\"wpml-toggle-box\"><span class=\"dashicons dashicons-menu\"><\/span><\/a>\n\t\t\t    \tSearch Options\t\t\t    <\/div>\n\t\t\t    <div class=\"store-search-fields hide_store_locator\">\n\t\t\t        <form id=\"store_locator_search_form\" action=\"\" >\n\t\t\t            <div class=\"store_locator_field\">\n\t\t\t               <input id=\"store_locatore_get_btn\" class=\"\" style=\"background-color:#000000;\" type=\"button\" value=\"Get My Location\" \/>\n\t\t\t            <\/div>\n\t\t\t            \t\t\t\t            <div class=\"store_locator_field\">\n\t\t\t\t        \t\t\t<input id=\"store_locatore_search_input\"  class=\"wpsl_search_input\" name=\"store_locatore_search_input\" type=\"text\" placeholder=\"Location\">\n\t\t\t\t            <\/div>\n\t\t\t\t         \t\t\t\t\t\t\t\t\t            <div class=\"store_locator_field\">\n\t\t\t            <select id=\"store_locatore_search_radius\" name=\"store_locatore_search_radius\" class=\"wpsl_search_radius\">\n\t\t\t                \t\t\t                    \t\t\t                    <option value=\"10\"  >10 Km<\/option>\n\t\t\t                \t\t\t                    \t\t\t                    <option value=\"25\"  >25 Km<\/option>\n\t\t\t                \t\t\t                    \t\t\t                    <option value=\"50\"  >50 Km<\/option>\n\t\t\t                \t\t\t                    \t\t\t                    <option value=\"100\" selected>100 Km<\/option>\n\t\t\t                \t\t\t                    \t\t\t                    <option value=\"200\"  >200 Km<\/option>\n\t\t\t                \t\t\t                    \t\t\t                    <option value=\"500\"  >500 Km<\/option>\n\t\t\t                \t\t\t                    \t\t\t                    <option value=\"\"  > Km<\/option>\n\t\t\t                \t\t\t            <\/select>\n\t\t\t        <\/div>\n\t\t\t        \t\t\t        <div class=\"store_locator_field\">\n\t\t\t            <select name=\"store_locator_category\" id=\"wpsl_store_locator_category\" class=\"wpsl_locator_category\">\n\t\t\t                <option value=\"\">Cafe &amp; Bistro <\/option>\n\t\t\t\t\t\t\t\t\t\t                    <option value=\"7\"> Cafe &amp; Bistro <\/option>\n\t\t\t                \t\t\t                    <option value=\"6\"> Restaurant <\/option>\n\t\t\t                \t\t\t                    <option value=\"12\"> Sushi <\/option>\n\t\t\t                \t\t\t            <\/select>\n\t\t\t        <\/div>\n\n\t\t\t        \t\t\t\t        \t\t\t        <div class=\"store_locator_field hide-field\">\n\t\t\t            <select name=\"store_locator_tag[]\" class=\"wpsl_locator_category\" id=\"store_locator_tag\" multiple=\"multiple\" placeholder=\"Select Tags\">\n\t\t\t\t\t\t\t\t\t\t                    <option value=\"11\"> Akyaka<\/option>\n\t\t\t                \t\t\t                    <option value=\"9\"> Cafe &amp; Bistro<\/option>\n\t\t\t                \t\t\t                    <option value=\"8\"> G\u00f6cek<\/option>\n\t\t\t                \t\t\t                    <option value=\"10\"> Sushi<\/option>\n\t\t\t                \t\t\t            <\/select>\n\t\t\t        <\/div>\n\t\t\t        <div class=\"store_locator_field\">\n\t\t\t        \t<div class=\"map-btns\">               \n\t\t\t\t        <span><input id=\"store_locatore_search_btn\" style=\"background-color:#000000;\" type=\"submit\" value=\"Search\" \/><\/span>\n\t\t\t\t        \t\t\t\t\t    <\/div>\n\t\t\t    \t<\/div>\n\t\t        <input type=\"hidden\" name=\"trp-form-language\" value=\"tr\"\/><\/form>\n\n\t\t\t\t<div class=\"reset_map_field\">\n\t\t\t        <div class=\"map-btns\">               \n\t\t\t\t        <button class=\"reset_store_locator\" style=\"background-color:#000000;\" onclick=\"reset_map(100)\">Reset Map<\/button>\n\t\t\t\t\t<\/div>\n\t\t\t    <\/div>\n\n\t\t        <\/div>\n\t\t    <\/div>\n\t\t    \t        <\/div>\n\t\t\t  \n\t\t                \t\t                <div class=\"col-right right-sidebar\">\n\t\t\t\t\t\t\n\t\t                \t<!-- <div id=\"map-container\" style=\"position: relative;width: 100%;right: 0%;\" class=\"\"> -->\n\t\t                    <div id=\"map-container\" style=\"position: relative;width: 100%;right: 0%;\">\n\t\t                    <div id=\"store_locatore_search_results\"  ><\/div>\n\t\t                    <\/div>\n\t\t                    \t                        <div class=\"map-listings left\" style=\"height: 700px\">\n\t                        <\/div>\n\t\t                          \n\t\t                <\/div>\n\t\t            <\/div>\n\t\t            <script>\n\t\t                \/\/ adding class in content div\n\t\t                jQuery( \".ob_stor-relocator\" ).addClass( \"full_width_div\" );\n\t\t                jQuery( \".loader\" ).append( '<img fetchpriority=\"high\" decoding=\"async\" class=\"load-img\" src=\"https:\/\/westcafegocek.com\/wp-content\/plugins\/wp-multi-store-locator-pro\/assets\/img\/loader.gif\" width=\"350\" height=\"350\" >' );\n\t\t                jQuery( \".ob_stor-relocator\" ).append( '<div class=\"overlay-store\"><\/div>' );\n\t\t                jQuery(document).ready(function () {\n\t\t                    jQuery( \".closesidebar\" ).click(function() {\n\t\t                        jQuery( '.leftsidebar' ).toggleClass( \"slide-left\" );\n\t\t                        jQuery( this ).toggleClass( \"arrow_right\" );\n\t\t                    });\n\t\t                });\n\t\t            <\/script>\n\t\t        <\/div><\/div>\n\t\t             \n            <\/div>\n\t\t    \t\t\t\t<\/div>\n\t\t\t\t<\/div>\n\t\t\t\t\t<\/div>\n\t\t<\/div>\n\t\t\t\t\t<\/div>\n\t\t<\/section>\n\t\t\t\t<\/div>","protected":false},"excerpt":{"rendered":"<p>West Cafe &amp; Bistro G\u00f6cek Adres: G\u00f6cek, \u00c7ar\u015f\u0131 Yolu Cd. No:24\/A, 48303 Fethiye\/Mu\u011flaTelefon: 0533 456 27 94 West Meze &amp; Bal\u0131k Adres: G\u00f6cek, \u00c7ar\u015f\u0131 Yolu Cd.<span class=\"excerpt-hellip\"> [\u2026]<\/span><\/p>","protected":false},"author":1,"featured_media":0,"parent":0,"menu_order":0,"comment_status":"closed","ping_status":"closed","template":"elementor_header_footer","meta":{"footnotes":""},"class_list":["post-1648","page","type-page","status-publish","hentry"],"_links":{"self":[{"href":"https:\/\/westcafegocek.com\/tr\/wp-json\/wp\/v2\/pages\/1648","targetHints":{"allow":["GET"]}}],"collection":[{"href":"https:\/\/westcafegocek.com\/tr\/wp-json\/wp\/v2\/pages"}],"about":[{"href":"https:\/\/westcafegocek.com\/tr\/wp-json\/wp\/v2\/types\/page"}],"author":[{"embeddable":true,"href":"https:\/\/westcafegocek.com\/tr\/wp-json\/wp\/v2\/users\/1"}],"replies":[{"embeddable":true,"href":"https:\/\/westcafegocek.com\/tr\/wp-json\/wp\/v2\/comments?post=1648"}],"version-history":[{"count":4,"href":"https:\/\/westcafegocek.com\/tr\/wp-json\/wp\/v2\/pages\/1648\/revisions"}],"predecessor-version":[{"id":1655,"href":"https:\/\/westcafegocek.com\/tr\/wp-json\/wp\/v2\/pages\/1648\/revisions\/1655"}],"wp:attachment":[{"href":"https:\/\/westcafegocek.com\/tr\/wp-json\/wp\/v2\/media?parent=1648"}],"curies":[{"name":"wp","href":"https:\/\/api.w.org\/{rel}","templated":true}]}}